{"id":2508,"date":"2024-01-16T08:46:58","date_gmt":"2024-01-16T07:46:58","guid":{"rendered":"https:\/\/3dconcepts.de\/?page_id=2508"},"modified":"2026-03-19T10:06:12","modified_gmt":"2026-03-19T09:06:12","slug":"impressum","status":"publish","type":"page","link":"https:\/\/3dconcepts.de\/en\/impressum\/","title":{"rendered":"Imprint"},"content":{"rendered":"<div data-elementor-type=\"wp-page\" data-elementor-id=\"2508\" class=\"elementor elementor-2508\" data-elementor-post-type=\"page\">\n\t\t\t\t\t\t<section class=\"elementor-section elementor-top-section elementor-element elementor-element-14e7e5f elementor-section-content-middle elementor-section-boxed elementor-section-height-default elementor-section-height-default\" data-id=\"14e7e5f\" data-element_type=\"section\">\n\t\t\t\t\t\t<div class=\"elementor-container elementor-column-gap-no\">\n\t\t\t\t\t<div class=\"elementor-column elementor-col-100 elementor-top-column elementor-element elementor-element-daa3ae9\" data-id=\"daa3ae9\" data-element_type=\"column\">\n\t\t\t<div class=\"elementor-widget-wrap elementor-element-populated\">\n\t\t\t\t\t\t<div class=\"elementor-element elementor-element-16af8f1 elementor-widget elementor-widget-heading\" data-id=\"16af8f1\" data-element_type=\"widget\" data-widget_type=\"heading.default\">\n\t\t\t\t<div class=\"elementor-widget-container\">\n\t\t\t\t\t<h2 class=\"elementor-heading-title elementor-size-default\">Imprint<\/h2>\t\t\t\t<\/div>\n\t\t\t\t<\/div>\n\t\t\t\t<div class=\"elementor-element elementor-element-28711ef elementor-widget elementor-widget-heading\" data-id=\"28711ef\" data-element_type=\"widget\" data-widget_type=\"heading.default\">\n\t\t\t\t<div class=\"elementor-widget-container\">\n\t\t\t\t\t<h2 class=\"elementor-heading-title elementor-size-default\">Information according to \u00a7 5 TMG:<\/h2>\t\t\t\t<\/div>\n\t\t\t\t<\/div>\n\t\t\t\t<div class=\"elementor-element elementor-element-337947d elementor-widget elementor-widget-text-editor\" data-id=\"337947d\" data-element_type=\"widget\" data-widget_type=\"text-editor.default\">\n\t\t\t\t<div class=\"elementor-widget-container\">\n\t\t\t\t\t\t\t\t\t<p>3D Concepts GmbH<br \/>Am R\u00f6merhof 9<br \/>78727 Oberndorf a.N.<\/p><p>Gesch\u00e4ftsf\u00fchrer: Erwin Eggert<\/p>\t\t\t\t\t\t\t\t<\/div>\n\t\t\t\t<\/div>\n\t\t\t\t<div class=\"elementor-element elementor-element-3f008b9 elementor-widget elementor-widget-heading\" data-id=\"3f008b9\" data-element_type=\"widget\" data-widget_type=\"heading.default\">\n\t\t\t\t<div class=\"elementor-widget-container\">\n\t\t\t\t\t<h2 class=\"elementor-heading-title elementor-size-default\">Contact us<\/h2>\t\t\t\t<\/div>\n\t\t\t\t<\/div>\n\t\t\t\t<div class=\"elementor-element elementor-element-1f6a7ea elementor-widget elementor-widget-text-editor\" data-id=\"1f6a7ea\" data-element_type=\"widget\" data-widget_type=\"text-editor.default\">\n\t\t\t\t<div class=\"elementor-widget-container\">\n\t\t\t\t\t\t\t\t\t<p><strong>Phone:<\/strong>\u00a0<a href=\"tel:+49 (0) 7423 92044-0\">+49 (0) 7423 92044-0<\/a><strong><br \/><\/strong><strong>Fax:<\/strong>\u00a0<a href=\"fax:+49 (0) 7423 92044-21\">+49 (0) 7423 92044-21<\/a><br \/><strong>E-Mail:<\/strong> <a href=\"mailto:info@3DConcepts.de\">info@3DConcepts.de<\/a><\/p>\t\t\t\t\t\t\t\t<\/div>\n\t\t\t\t<\/div>\n\t\t\t\t<div class=\"elementor-element elementor-element-dd1feef elementor-widget elementor-widget-heading\" data-id=\"dd1feef\" data-element_type=\"widget\" data-widget_type=\"heading.default\">\n\t\t\t\t<div class=\"elementor-widget-container\">\n\t\t\t\t\t<h2 class=\"elementor-heading-title elementor-size-default\">Register entry:<\/h2>\t\t\t\t<\/div>\n\t\t\t\t<\/div>\n\t\t\t\t<div class=\"elementor-element elementor-element-02aa278 elementor-widget elementor-widget-text-editor\" data-id=\"02aa278\" data-element_type=\"widget\" data-widget_type=\"text-editor.default\">\n\t\t\t\t<div class=\"elementor-widget-container\">\n\t\t\t\t\t\t\t\t\t<p>Entry in the commercial register.<br \/>Register court: Stuttgart Local Court<br \/>Register number: HRB 440570<\/p><p>VAT ID number: DE 812381126<\/p><p>General Terms and Conditions:\u00a0<a href=\"https:\/\/3dconcepts.de\/wp-content\/uploads\/2015\/07\/AGB.pdf\" data-wplink-edit=\"true\">GTC<\/a><\/p>\t\t\t\t\t\t\t\t<\/div>\n\t\t\t\t<\/div>\n\t\t\t\t<div class=\"elementor-element elementor-element-93704e2 elementor-widget elementor-widget-heading\" data-id=\"93704e2\" data-element_type=\"widget\" data-widget_type=\"heading.default\">\n\t\t\t\t<div class=\"elementor-widget-container\">\n\t\t\t\t\t<h2 class=\"elementor-heading-title elementor-size-default\">Exclusion of liability (disclaimer)<\/h2>\t\t\t\t<\/div>\n\t\t\t\t<\/div>\n\t\t\t\t<div class=\"elementor-element elementor-element-7571726 elementor-widget elementor-widget-heading\" data-id=\"7571726\" data-element_type=\"widget\" data-widget_type=\"heading.default\">\n\t\t\t\t<div class=\"elementor-widget-container\">\n\t\t\t\t\t<h2 class=\"elementor-heading-title elementor-size-default\">Liability for content<\/h2>\t\t\t\t<\/div>\n\t\t\t\t<\/div>\n\t\t\t\t<div class=\"elementor-element elementor-element-e41bb08 elementor-widget elementor-widget-text-editor\" data-id=\"e41bb08\" data-element_type=\"widget\" data-widget_type=\"text-editor.default\">\n\t\t\t\t<div class=\"elementor-widget-container\">\n\t\t\t\t\t\t\t\t\t<p>As a service provider, we are responsible for our own content on these pages in accordance with Section 7 (1) TMG (German Telemedia Act) and general legislation. According to \u00a7\u00a7 8 to 10 TMG, however, we as a service provider are not obliged to monitor transmitted or stored third-party information or to investigate circumstances that indicate illegal activity. Obligations to remove or block the use of information in accordance with general legislation remain unaffected by this. However, liability in this respect is only possible from the time of knowledge of a specific infringement. As soon as we become aware of such infringements, we will remove this content immediately.<\/p>\t\t\t\t\t\t\t\t<\/div>\n\t\t\t\t<\/div>\n\t\t\t\t<div class=\"elementor-element elementor-element-2dec41f elementor-widget elementor-widget-heading\" data-id=\"2dec41f\" data-element_type=\"widget\" data-widget_type=\"heading.default\">\n\t\t\t\t<div class=\"elementor-widget-container\">\n\t\t\t\t\t<h2 class=\"elementor-heading-title elementor-size-default\">Liability for links<\/h2>\t\t\t\t<\/div>\n\t\t\t\t<\/div>\n\t\t\t\t<div class=\"elementor-element elementor-element-e86c838 elementor-widget elementor-widget-text-editor\" data-id=\"e86c838\" data-element_type=\"widget\" data-widget_type=\"text-editor.default\">\n\t\t\t\t<div class=\"elementor-widget-container\">\n\t\t\t\t\t\t\t\t\t<p>Our website contains links to external third-party websites over whose content we have no influence. Therefore, we cannot accept any liability for this third-party content. The respective provider or operator of the pages is always responsible for the content of the linked pages. The linked pages were checked for possible legal violations at the time of linking. Illegal content was not recognizable at the time of linking. However, permanent monitoring of the content of the linked pages is not reasonable without concrete evidence of an infringement. If we become aware of any legal infringements, we will remove such links immediately.<\/p>\t\t\t\t\t\t\t\t<\/div>\n\t\t\t\t<\/div>\n\t\t\t\t<div class=\"elementor-element elementor-element-5a6307c elementor-widget elementor-widget-heading\" data-id=\"5a6307c\" data-element_type=\"widget\" data-widget_type=\"heading.default\">\n\t\t\t\t<div class=\"elementor-widget-container\">\n\t\t\t\t\t<h2 class=\"elementor-heading-title elementor-size-default\">Copyright<\/h2>\t\t\t\t<\/div>\n\t\t\t\t<\/div>\n\t\t\t\t<div class=\"elementor-element elementor-element-c8020d3 elementor-widget elementor-widget-text-editor\" data-id=\"c8020d3\" data-element_type=\"widget\" data-widget_type=\"text-editor.default\">\n\t\t\t\t<div class=\"elementor-widget-container\">\n\t\t\t\t\t\t\t\t\t<p>The content and works created by the site operators on these pages are subject to German copyright law. Duplication, processing, distribution and any kind of exploitation outside the limits of copyright law require the written consent of the respective author or creator. Downloads and copies of this site are only permitted for private, non-commercial use. Insofar as the content on this site was not created by the operator, the copyrights of third parties are respected. In particular, third-party content is identified as such. Should you nevertheless become aware of a copyright infringement, please inform us accordingly. If we become aware of any infringements, we will remove such content immediately.<\/p>\t\t\t\t\t\t\t\t<\/div>\n\t\t\t\t<\/div>\n\t\t\t\t<div class=\"elementor-element elementor-element-4441189 elementor-widget elementor-widget-heading\" data-id=\"4441189\" data-element_type=\"widget\" data-widget_type=\"heading.default\">\n\t\t\t\t<div class=\"elementor-widget-container\">\n\t\t\t\t\t<h2 class=\"elementor-heading-title elementor-size-default\">Image sources<\/h2>\t\t\t\t<\/div>\n\t\t\t\t<\/div>\n\t\t\t\t<div class=\"elementor-element elementor-element-ed40d55 elementor-widget elementor-widget-text-editor\" data-id=\"ed40d55\" data-element_type=\"widget\" data-widget_type=\"text-editor.default\">\n\t\t\t\t<div class=\"elementor-widget-container\">\n\t\t\t\t\t\t\t\t\t<p>3D Concepts GmbH<br>Elements - envato elements, VPCUT2L, oxaart<br>Workers - envato elements, PR8HRJE, monkeybusiness<br>Icons - envato elements, A5WP8AF, alexdndz<br>Icons - envato elements, 6XRTJD, mir_design<br>Icons - envato elements, TU5WNGK, kreevstudio<br>Icons - envato elements, 3K4BLQ, justicon<br>Gears - envato elements, DJVN6W9, N6WESG2, photocreo<br>Video clip - envato elements, V8RPKLB, motionApe<br>Video clip - envato elements, 93DCECV, DC_Studio<br>Video clip - envato elements, 5JXR9S2, animix<\/p>\t\t\t\t\t\t\t\t<\/div>\n\t\t\t\t<\/div>\n\t\t\t\t<div class=\"elementor-element elementor-element-ebc353c elementor-widget elementor-widget-heading\" data-id=\"ebc353c\" data-element_type=\"widget\" data-widget_type=\"heading.default\">\n\t\t\t\t<div class=\"elementor-widget-container\">\n\t\t\t\t\t<h2 class=\"elementor-heading-title elementor-size-default\">Development, web design and programming<\/h2>\t\t\t\t<\/div>\n\t\t\t\t<\/div>\n\t\t\t\t<div class=\"elementor-element elementor-element-e4a4ab0 elementor-widget elementor-widget-text-editor\" data-id=\"e4a4ab0\" data-element_type=\"widget\" data-widget_type=\"text-editor.default\">\n\t\t\t\t<div class=\"elementor-widget-container\">\n\t\t\t\t\t\t\t\t\t<p><a href=\"http:\/\/www.team-mt.de\/\" target=\"_blank\" rel=\"noopener\">www.team-mt.de<\/a><\/p>\t\t\t\t\t\t\t\t<\/div>\n\t\t\t\t<\/div>\n\t\t\t\t\t<\/div>\n\t\t<\/div>\n\t\t\t\t\t<\/div>\n\t\t<\/section>\n\t\t\t\t<\/div>","protected":false},"excerpt":{"rendered":"<p>Impressum Angaben gem\u00e4\u00df \u00a7 5 TMG: 3D Concepts GmbHAm R\u00f6merhof 978727 Oberndorf a.N. Gesch\u00e4ftsf\u00fchrer: Erwin Eggert Kontakt Telefon:\u00a0+49 (0) 7423 92044-0Fax:\u00a0+49 (0) 7423 92044-21E-Mail: info@3DConcepts.de Registereintrag: Eintragung im Handelsregister.Registergericht: Amtsgericht StuttgartRegisternummer: HRB 440570 USt-ID-Nummer: DE 812381126 Allgemeine Gesch\u00e4ftsbedingungen:\u00a0AGB Haftungsausschluss (Disclaimer) Haftung f\u00fcr Inhalte Als Diensteanbieter sind wir gem\u00e4\u00df \u00a7 7 Abs.1 TMG f\u00fcr eigene Inhalte [&hellip;]<\/p>","protected":false},"author":2,"featured_media":0,"parent":0,"menu_order":0,"comment_status":"closed","ping_status":"closed","template":"","meta":{"_acf_changed":false,"footnotes":""},"folder":[],"class_list":["post-2508","page","type-page","status-publish","hentry"],"acf":[],"_links":{"self":[{"href":"https:\/\/3dconcepts.de\/en\/wp-json\/wp\/v2\/pages\/2508","targetHints":{"allow":["GET"]}}],"collection":[{"href":"https:\/\/3dconcepts.de\/en\/wp-json\/wp\/v2\/pages"}],"about":[{"href":"https:\/\/3dconcepts.de\/en\/wp-json\/wp\/v2\/types\/page"}],"author":[{"embeddable":true,"href":"https:\/\/3dconcepts.de\/en\/wp-json\/wp\/v2\/users\/2"}],"replies":[{"embeddable":true,"href":"https:\/\/3dconcepts.de\/en\/wp-json\/wp\/v2\/comments?post=2508"}],"version-history":[{"count":10,"href":"https:\/\/3dconcepts.de\/en\/wp-json\/wp\/v2\/pages\/2508\/revisions"}],"predecessor-version":[{"id":9129,"href":"https:\/\/3dconcepts.de\/en\/wp-json\/wp\/v2\/pages\/2508\/revisions\/9129"}],"wp:attachment":[{"href":"https:\/\/3dconcepts.de\/en\/wp-json\/wp\/v2\/media?parent=2508"}],"wp:term":[{"taxonomy":"folder","embeddable":true,"href":"https:\/\/3dconcepts.de\/en\/wp-json\/wp\/v2\/folder?post=2508"}],"curies":[{"name":"wp","href":"https:\/\/api.w.org\/{rel}","templated":true}]}}